{"id":1201,"date":"2023-10-20T13:40:04","date_gmt":"2023-10-20T11:40:04","guid":{"rendered":"https:\/\/lemiroirdesoi.com\/?page_id=1201"},"modified":"2024-09-01T19:55:58","modified_gmt":"2024-09-01T17:55:58","slug":"ateliers","status":"publish","type":"page","link":"https:\/\/lemiroirdesoi.com\/index.php\/ateliers\/","title":{"rendered":"Ateliers"},"content":{"rendered":"\n<p class=\"has-text-align-center\">Depuis 2019, mon amour pour la photographie passe \u00e9galement par la transmission, <\/p>\n\n\n\n<p class=\"has-text-align-center\">je mets \u00e0 disposition mes comp\u00e9tences pour dispenser et animer des ateliers aupr\u00e8s de publics vari\u00e9s :<\/p>\n\n\n\n<p class=\"has-text-align-center\"> scolaires, adultes et services publics.<\/p>\n\n\n\n<figure class=\"wp-block-gallery aligncenter has-nested-images columns-default is-cropped wp-block-gallery-1 is-layout-flex wp-block-gallery-is-layout-flex\"><div class=\"wp-block-image\">\n<figure class=\"alignleft size-large\"><img loading=\"lazy\" decoding=\"async\" width=\"1024\" height=\"768\" data-id=\"1218\" src=\"https:\/\/lemiroirdesoi.com\/wp-content\/uploads\/2023\/10\/86491060_2423233414655674_9037236095640666112_n-1-1024x768.jpg\" alt=\"\" class=\"wp-image-1218\" srcset=\"https:\/\/lemiroirdesoi.com\/wp-content\/uploads\/2023\/10\/86491060_2423233414655674_9037236095640666112_n-1-1024x768.jpg 1024w, https:\/\/lemiroirdesoi.com\/wp-content\/uploads\/2023\/10\/86491060_2423233414655674_9037236095640666112_n-1-300x225.jpg 300w, https:\/\/lemiroirdesoi.com\/wp-content\/uploads\/2023\/10\/86491060_2423233414655674_9037236095640666112_n-1-768x576.jpg 768w, https:\/\/lemiroirdesoi.com\/wp-content\/uploads\/2023\/10\/86491060_2423233414655674_9037236095640666112_n-1-1536x1152.jpg 1536w, https:\/\/lemiroirdesoi.com\/wp-content\/uploads\/2023\/10\/86491060_2423233414655674_9037236095640666112_n-1-124x93.jpg 124w, https:\/\/lemiroirdesoi.com\/wp-content\/uploads\/2023\/10\/86491060_2423233414655674_9037236095640666112_n-1.jpg 2048w\" sizes=\"auto, (max-width: 1024px) 100vw, 1024px\" \/><\/figure>\n<\/div>\n\n\n<figure class=\"wp-block-image alignfull size-full\"><img loading=\"lazy\" decoding=\"async\" width=\"704\" height=\"741\" data-id=\"1220\" src=\"https:\/\/lemiroirdesoi.com\/wp-content\/uploads\/2023\/10\/Fabric-arts.jpg\" alt=\"\" class=\"wp-image-1220\" srcset=\"https:\/\/lemiroirdesoi.com\/wp-content\/uploads\/2023\/10\/Fabric-arts.jpg 704w, https:\/\/lemiroirdesoi.com\/wp-content\/uploads\/2023\/10\/Fabric-arts-285x300.jpg 285w\" sizes=\"auto, (max-width: 704px) 100vw, 704px\" \/><\/figure>\n<\/figure>\n\n\n\n<p class=\"has-text-align-center\">Passionn\u00e9e par les techniques dites \u00ab\u00a0anciennes\u00a0\u00bb de prises de vues argentiques, je peux proposer un projet \u00e9ducatif autour des proc\u00e9d\u00e9s de photographie alternatifs pour faire d\u00e9couvrir la magie et les techniques photographiques. <\/p>\n\n\n\n<figure class=\"wp-block-gallery has-nested-images columns-default is-cropped wp-block-gallery-2 is-layout-flex wp-block-gallery-is-layout-flex\">\n<figure class=\"wp-block-image size-large\"><img loading=\"lazy\" decoding=\"async\" width=\"991\" height=\"780\" data-id=\"1416\" src=\"https:\/\/lemiroirdesoi.com\/wp-content\/uploads\/2024\/09\/Duo-B-Negatif.jpg\" alt=\"\" class=\"wp-image-1416\" srcset=\"https:\/\/lemiroirdesoi.com\/wp-content\/uploads\/2024\/09\/Duo-B-Negatif.jpg 991w, https:\/\/lemiroirdesoi.com\/wp-content\/uploads\/2024\/09\/Duo-B-Negatif-300x236.jpg 300w, https:\/\/lemiroirdesoi.com\/wp-content\/uploads\/2024\/09\/Duo-B-Negatif-768x604.jpg 768w\" sizes=\"auto, (max-width: 991px) 100vw, 991px\" \/><\/figure>\n\n\n\n<figure class=\"wp-block-image size-large\"><img loading=\"lazy\" decoding=\"async\" width=\"991\" height=\"780\" data-id=\"1417\" src=\"https:\/\/lemiroirdesoi.com\/wp-content\/uploads\/2024\/09\/Duo-B-Positif.jpg\" alt=\"\" class=\"wp-image-1417\" srcset=\"https:\/\/lemiroirdesoi.com\/wp-content\/uploads\/2024\/09\/Duo-B-Positif.jpg 991w, https:\/\/lemiroirdesoi.com\/wp-content\/uploads\/2024\/09\/Duo-B-Positif-300x236.jpg 300w, https:\/\/lemiroirdesoi.com\/wp-content\/uploads\/2024\/09\/Duo-B-Positif-768x604.jpg 768w\" sizes=\"auto, (max-width: 991px) 100vw, 991px\" \/><\/figure>\n<\/figure>\n\n\n\n<figure class=\"wp-block-gallery has-nested-images columns-default is-cropped wp-block-gallery-3 is-layout-flex wp-block-gallery-is-layout-flex\">\n<figure class=\"wp-block-image size-large\"><img loading=\"lazy\" decoding=\"async\" width=\"1024\" height=\"721\" data-id=\"1399\" src=\"https:\/\/lemiroirdesoi.com\/wp-content\/uploads\/2024\/09\/Photo-Marion-2-negatif-1024x721.jpg\" alt=\"\" class=\"wp-image-1399\" srcset=\"https:\/\/lemiroirdesoi.com\/wp-content\/uploads\/2024\/09\/Photo-Marion-2-negatif-1024x721.jpg 1024w, https:\/\/lemiroirdesoi.com\/wp-content\/uploads\/2024\/09\/Photo-Marion-2-negatif-300x211.jpg 300w, https:\/\/lemiroirdesoi.com\/wp-content\/uploads\/2024\/09\/Photo-Marion-2-negatif-768x541.jpg 768w, https:\/\/lemiroirdesoi.com\/wp-content\/uploads\/2024\/09\/Photo-Marion-2-negatif-1536x1081.jpg 1536w, https:\/\/lemiroirdesoi.com\/wp-content\/uploads\/2024\/09\/Photo-Marion-2-negatif-2048x1442.jpg 2048w\" sizes=\"auto, (max-width: 1024px) 100vw, 1024px\" \/><\/figure>\n\n\n\n<figure class=\"wp-block-image size-large\"><img loading=\"lazy\" decoding=\"async\" width=\"1024\" height=\"706\" data-id=\"1400\" src=\"https:\/\/lemiroirdesoi.com\/wp-content\/uploads\/2024\/09\/Photo-Marion-2-positif-1024x706.jpg\" alt=\"\" class=\"wp-image-1400\" srcset=\"https:\/\/lemiroirdesoi.com\/wp-content\/uploads\/2024\/09\/Photo-Marion-2-positif-1024x706.jpg 1024w, https:\/\/lemiroirdesoi.com\/wp-content\/uploads\/2024\/09\/Photo-Marion-2-positif-300x207.jpg 300w, https:\/\/lemiroirdesoi.com\/wp-content\/uploads\/2024\/09\/Photo-Marion-2-positif-768x529.jpg 768w, https:\/\/lemiroirdesoi.com\/wp-content\/uploads\/2024\/09\/Photo-Marion-2-positif-1536x1058.jpg 1536w, https:\/\/lemiroirdesoi.com\/wp-content\/uploads\/2024\/09\/Photo-Marion-2-positif-2048x1411.jpg 2048w\" sizes=\"auto, (max-width: 1024px) 100vw, 1024px\" \/><\/figure>\n<\/figure>\n\n\n\n<figure class=\"wp-block-gallery has-nested-images columns-default is-cropped wp-block-gallery-4 is-layout-flex wp-block-gallery-is-layout-flex\">\n<figure class=\"wp-block-image size-large\"><img loading=\"lazy\" decoding=\"async\" width=\"1024\" height=\"741\" data-id=\"1405\" src=\"https:\/\/lemiroirdesoi.com\/wp-content\/uploads\/2024\/09\/anthotype-1-1.jpg\" alt=\"\" class=\"wp-image-1405\" srcset=\"https:\/\/lemiroirdesoi.com\/wp-content\/uploads\/2024\/09\/anthotype-1-1.jpg 1024w, https:\/\/lemiroirdesoi.com\/wp-content\/uploads\/2024\/09\/anthotype-1-1-300x217.jpg 300w, https:\/\/lemiroirdesoi.com\/wp-content\/uploads\/2024\/09\/anthotype-1-1-768x556.jpg 768w\" sizes=\"auto, (max-width: 1024px) 100vw, 1024px\" \/><\/figure>\n\n\n\n<figure class=\"wp-block-image size-large\"><img loading=\"lazy\" decoding=\"async\" width=\"800\" height=\"565\" data-id=\"1404\" src=\"https:\/\/lemiroirdesoi.com\/wp-content\/uploads\/2024\/09\/anthotype-4.jpg\" alt=\"\" class=\"wp-image-1404\" srcset=\"https:\/\/lemiroirdesoi.com\/wp-content\/uploads\/2024\/09\/anthotype-4.jpg 800w, https:\/\/lemiroirdesoi.com\/wp-content\/uploads\/2024\/09\/anthotype-4-300x212.jpg 300w, https:\/\/lemiroirdesoi.com\/wp-content\/uploads\/2024\/09\/anthotype-4-768x542.jpg 768w\" sizes=\"auto, (max-width: 800px) 100vw, 800px\" \/><\/figure>\n\n\n\n<figure class=\"wp-block-image size-large\"><img loading=\"lazy\" decoding=\"async\" width=\"600\" height=\"423\" data-id=\"1403\" src=\"https:\/\/lemiroirdesoi.com\/wp-content\/uploads\/2024\/09\/anthotype-5.jpg\" alt=\"\" class=\"wp-image-1403\" srcset=\"https:\/\/lemiroirdesoi.com\/wp-content\/uploads\/2024\/09\/anthotype-5.jpg 600w, https:\/\/lemiroirdesoi.com\/wp-content\/uploads\/2024\/09\/anthotype-5-300x212.jpg 300w\" sizes=\"auto, (max-width: 600px) 100vw, 600px\" \/><\/figure>\n<\/figure>\n\n\n\n<figure class=\"wp-block-gallery has-nested-images columns-default is-cropped wp-block-gallery-5 is-layout-flex wp-block-gallery-is-layout-flex\">\n<figure class=\"wp-block-image size-large\"><img loading=\"lazy\" decoding=\"async\" width=\"1024\" height=\"768\" data-id=\"1413\" src=\"https:\/\/lemiroirdesoi.com\/wp-content\/uploads\/2024\/09\/20210507_161256-1-1024x768.jpg\" alt=\"\" class=\"wp-image-1413\" srcset=\"https:\/\/lemiroirdesoi.com\/wp-content\/uploads\/2024\/09\/20210507_161256-1-1024x768.jpg 1024w, https:\/\/lemiroirdesoi.com\/wp-content\/uploads\/2024\/09\/20210507_161256-1-300x225.jpg 300w, https:\/\/lemiroirdesoi.com\/wp-content\/uploads\/2024\/09\/20210507_161256-1-768x576.jpg 768w, https:\/\/lemiroirdesoi.com\/wp-content\/uploads\/2024\/09\/20210507_161256-1-1536x1152.jpg 1536w, https:\/\/lemiroirdesoi.com\/wp-content\/uploads\/2024\/09\/20210507_161256-1-2048x1536.jpg 2048w, https:\/\/lemiroirdesoi.com\/wp-content\/uploads\/2024\/09\/20210507_161256-1-124x93.jpg 124w\" sizes=\"auto, (max-width: 1024px) 100vw, 1024px\" \/><\/figure>\n\n\n\n<figure class=\"wp-block-image size-large\"><img loading=\"lazy\" decoding=\"async\" width=\"1024\" height=\"768\" data-id=\"1414\" src=\"https:\/\/lemiroirdesoi.com\/wp-content\/uploads\/2024\/09\/20210507_161344-1-1024x768.jpg\" alt=\"\" class=\"wp-image-1414\" srcset=\"https:\/\/lemiroirdesoi.com\/wp-content\/uploads\/2024\/09\/20210507_161344-1-1024x768.jpg 1024w, https:\/\/lemiroirdesoi.com\/wp-content\/uploads\/2024\/09\/20210507_161344-1-300x225.jpg 300w, https:\/\/lemiroirdesoi.com\/wp-content\/uploads\/2024\/09\/20210507_161344-1-768x576.jpg 768w, https:\/\/lemiroirdesoi.com\/wp-content\/uploads\/2024\/09\/20210507_161344-1-1536x1152.jpg 1536w, https:\/\/lemiroirdesoi.com\/wp-content\/uploads\/2024\/09\/20210507_161344-1-2048x1536.jpg 2048w, https:\/\/lemiroirdesoi.com\/wp-content\/uploads\/2024\/09\/20210507_161344-1-124x93.jpg 124w\" sizes=\"auto, (max-width: 1024px) 100vw, 1024px\" \/><\/figure>\n\n\n\n<figure class=\"wp-block-image size-large\"><img loading=\"lazy\" decoding=\"async\" width=\"768\" height=\"1024\" data-id=\"1412\" src=\"https:\/\/lemiroirdesoi.com\/wp-content\/uploads\/2024\/09\/20210511_091313-768x1024.jpg\" alt=\"\" class=\"wp-image-1412\" srcset=\"https:\/\/lemiroirdesoi.com\/wp-content\/uploads\/2024\/09\/20210511_091313-768x1024.jpg 768w, https:\/\/lemiroirdesoi.com\/wp-content\/uploads\/2024\/09\/20210511_091313-225x300.jpg 225w, https:\/\/lemiroirdesoi.com\/wp-content\/uploads\/2024\/09\/20210511_091313-1152x1536.jpg 1152w, https:\/\/lemiroirdesoi.com\/wp-content\/uploads\/2024\/09\/20210511_091313-1536x2048.jpg 1536w, https:\/\/lemiroirdesoi.com\/wp-content\/uploads\/2024\/09\/20210511_091313-scaled.jpg 1920w\" sizes=\"auto, (max-width: 768px) 100vw, 768px\" \/><\/figure>\n\n\n\n<figure class=\"wp-block-image size-large\"><img loading=\"lazy\" decoding=\"async\" width=\"1024\" height=\"498\" data-id=\"1409\" src=\"https:\/\/lemiroirdesoi.com\/wp-content\/uploads\/2024\/09\/Resized_20210511_155824-1024x498.jpg\" alt=\"\" class=\"wp-image-1409\" srcset=\"https:\/\/lemiroirdesoi.com\/wp-content\/uploads\/2024\/09\/Resized_20210511_155824-1024x498.jpg 1024w, https:\/\/lemiroirdesoi.com\/wp-content\/uploads\/2024\/09\/Resized_20210511_155824-300x146.jpg 300w, https:\/\/lemiroirdesoi.com\/wp-content\/uploads\/2024\/09\/Resized_20210511_155824-768x373.jpg 768w, https:\/\/lemiroirdesoi.com\/wp-content\/uploads\/2024\/09\/Resized_20210511_155824-1536x747.jpg 1536w, https:\/\/lemiroirdesoi.com\/wp-content\/uploads\/2024\/09\/Resized_20210511_155824.jpg 2016w\" sizes=\"auto, (max-width: 1024px) 100vw, 1024px\" \/><\/figure>\n<\/figure>\n\n\n\n<figure class=\"wp-block-gallery has-nested-images columns-default is-cropped wp-block-gallery-6 is-layout-flex wp-block-gallery-is-layout-flex\">\n<figure class=\"wp-block-image size-large\"><img loading=\"lazy\" decoding=\"async\" width=\"791\" height=\"815\" data-id=\"1407\" src=\"https:\/\/lemiroirdesoi.com\/wp-content\/uploads\/2024\/09\/feuille-1.png\" alt=\"\" class=\"wp-image-1407\" srcset=\"https:\/\/lemiroirdesoi.com\/wp-content\/uploads\/2024\/09\/feuille-1.png 791w, https:\/\/lemiroirdesoi.com\/wp-content\/uploads\/2024\/09\/feuille-1-291x300.png 291w, https:\/\/lemiroirdesoi.com\/wp-content\/uploads\/2024\/09\/feuille-1-768x791.png 768w\" sizes=\"auto, (max-width: 791px) 100vw, 791px\" \/><\/figure>\n\n\n\n<figure class=\"wp-block-image size-large\"><img loading=\"lazy\" decoding=\"async\" width=\"825\" height=\"808\" data-id=\"1408\" src=\"https:\/\/lemiroirdesoi.com\/wp-content\/uploads\/2024\/09\/feuille-3.png\" alt=\"\" class=\"wp-image-1408\" srcset=\"https:\/\/lemiroirdesoi.com\/wp-content\/uploads\/2024\/09\/feuille-3.png 825w, https:\/\/lemiroirdesoi.com\/wp-content\/uploads\/2024\/09\/feuille-3-300x294.png 300w, https:\/\/lemiroirdesoi.com\/wp-content\/uploads\/2024\/09\/feuille-3-768x752.png 768w, https:\/\/lemiroirdesoi.com\/wp-content\/uploads\/2024\/09\/feuille-3-50x50.png 50w\" sizes=\"auto, (max-width: 825px) 100vw, 825px\" \/><\/figure>\n<\/figure>\n\n\n\n<figure class=\"wp-block-gallery has-nested-images columns-default is-cropped wp-block-gallery-7 is-layout-flex wp-block-gallery-is-layout-flex\">\n<figure class=\"wp-block-image size-large\"><img loading=\"lazy\" decoding=\"async\" width=\"768\" height=\"512\" data-id=\"1225\" src=\"https:\/\/lemiroirdesoi.com\/wp-content\/uploads\/2023\/10\/Projet-photo1091-768x512-1.jpg\" alt=\"\" class=\"wp-image-1225\" srcset=\"https:\/\/lemiroirdesoi.com\/wp-content\/uploads\/2023\/10\/Projet-photo1091-768x512-1.jpg 768w, https:\/\/lemiroirdesoi.com\/wp-content\/uploads\/2023\/10\/Projet-photo1091-768x512-1-300x200.jpg 300w\" sizes=\"auto, (max-width: 768px) 100vw, 768px\" \/><\/figure>\n\n\n\n<figure class=\"wp-block-image size-large\"><img loading=\"lazy\" decoding=\"async\" width=\"683\" height=\"1024\" data-id=\"1237\" src=\"https:\/\/lemiroirdesoi.com\/wp-content\/uploads\/2023\/11\/chambre-noire-683x1024.jpg\" alt=\"\" class=\"wp-image-1237\" srcset=\"https:\/\/lemiroirdesoi.com\/wp-content\/uploads\/2023\/11\/chambre-noire-683x1024.jpg 683w, https:\/\/lemiroirdesoi.com\/wp-content\/uploads\/2023\/11\/chambre-noire-200x300.jpg 200w, https:\/\/lemiroirdesoi.com\/wp-content\/uploads\/2023\/11\/chambre-noire-768x1152.jpg 768w, https:\/\/lemiroirdesoi.com\/wp-content\/uploads\/2023\/11\/chambre-noire-1024x1536.jpg 1024w, https:\/\/lemiroirdesoi.com\/wp-content\/uploads\/2023\/11\/chambre-noire-1365x2048.jpg 1365w, https:\/\/lemiroirdesoi.com\/wp-content\/uploads\/2023\/11\/chambre-noire-scaled.jpg 1707w\" sizes=\"auto, (max-width: 683px) 100vw, 683px\" \/><\/figure>\n\n\n\n<figure class=\"wp-block-image size-large\"><img loading=\"lazy\" decoding=\"async\" width=\"768\" height=\"576\" data-id=\"1226\" src=\"https:\/\/lemiroirdesoi.com\/wp-content\/uploads\/2023\/10\/IMG_6199-768x576-1.jpg\" alt=\"\" class=\"wp-image-1226\" srcset=\"https:\/\/lemiroirdesoi.com\/wp-content\/uploads\/2023\/10\/IMG_6199-768x576-1.jpg 768w, https:\/\/lemiroirdesoi.com\/wp-content\/uploads\/2023\/10\/IMG_6199-768x576-1-300x225.jpg 300w, https:\/\/lemiroirdesoi.com\/wp-content\/uploads\/2023\/10\/IMG_6199-768x576-1-124x93.jpg 124w\" sizes=\"auto, (max-width: 768px) 100vw, 768px\" \/><\/figure>\n<\/figure>\n\n\n<div class=\"wp-block-image\">\n<figure class=\"aligncenter size-full\"><img loading=\"lazy\" decoding=\"async\" width=\"606\" height=\"411\" src=\"http:\/\/lemiroirdesoi.com\/wp-content\/uploads\/2024\/09\/logo_arthemis.png\" alt=\"\" class=\"wp-image-1346\" srcset=\"https:\/\/lemiroirdesoi.com\/wp-content\/uploads\/2024\/09\/logo_arthemis.png 606w, https:\/\/lemiroirdesoi.com\/wp-content\/uploads\/2024\/09\/logo_arthemis-300x203.png 300w\" sizes=\"auto, (max-width: 606px) 100vw, 606px\" \/><\/figure>\n<\/div>\n\n\n<p class=\"has-text-align-center\"><strong>Egalement artiste intervenante aupr\u00e8s de l&rsquo;association Arth\u00e9mis de Saint-Jorioz (74)<\/strong><\/p>\n\n\n\n<p><\/p>\n\n\n\n<p class=\"has-text-align-center\">Pour toute demande d&rsquo;atelier photos, n&rsquo;h\u00e9sitez pas \u00e0 me contacter sur <a href=\"https:\/\/lemiroirdesoi.com\/wp-admin\/post.php?post=1111&amp;action=edit\">mon formulaire.<\/a><\/p>\n","protected":false},"excerpt":{"rendered":"<p>Depuis 2019, mon amour pour la photographie passe \u00e9galement par la transmission, je mets \u00e0 disposition mes comp\u00e9tences pour dispenser et animer des ateliers aupr\u00e8s de publics vari\u00e9s : scolaires,<\/p>\n<p class=\"more-link\"><a href=\"https:\/\/lemiroirdesoi.com\/index.php\/ateliers\/\" class=\"readmore\">Continue reading<svg class=\"icon icon-arrow-right\" aria-hidden=\"true\" role=\"img\"> <use href=\"#icon-arrow-right\" xlink:href=\"#icon-arrow-right\"><\/use> <\/svg><span class=\"screen-reader-text\">Ateliers<\/span><\/a><\/p>\n","protected":false},"author":10,"featured_media":0,"parent":0,"menu_order":0,"comment_status":"closed","ping_status":"closed","template":"","meta":{"_monsterinsights_skip_tracking":false,"_monsterinsights_sitenote_active":false,"_monsterinsights_sitenote_note":"","_monsterinsights_sitenote_category":0,"footnotes":""},"class_list":["post-1201","page","type-page","status-publish","hentry"],"_links":{"self":[{"href":"https:\/\/lemiroirdesoi.com\/index.php\/wp-json\/wp\/v2\/pages\/1201","targetHints":{"allow":["GET"]}}],"collection":[{"href":"https:\/\/lemiroirdesoi.com\/index.php\/wp-json\/wp\/v2\/pages"}],"about":[{"href":"https:\/\/lemiroirdesoi.com\/index.php\/wp-json\/wp\/v2\/types\/page"}],"author":[{"embeddable":true,"href":"https:\/\/lemiroirdesoi.com\/index.php\/wp-json\/wp\/v2\/users\/10"}],"replies":[{"embeddable":true,"href":"https:\/\/lemiroirdesoi.com\/index.php\/wp-json\/wp\/v2\/comments?post=1201"}],"version-history":[{"count":24,"href":"https:\/\/lemiroirdesoi.com\/index.php\/wp-json\/wp\/v2\/pages\/1201\/revisions"}],"predecessor-version":[{"id":1419,"href":"https:\/\/lemiroirdesoi.com\/index.php\/wp-json\/wp\/v2\/pages\/1201\/revisions\/1419"}],"wp:attachment":[{"href":"https:\/\/lemiroirdesoi.com\/index.php\/wp-json\/wp\/v2\/media?parent=1201"}],"curies":[{"name":"wp","href":"https:\/\/api.w.org\/{rel}","templated":true}]}}