{"id":1249,"date":"2023-11-05T10:58:44","date_gmt":"2023-11-05T09:58:44","guid":{"rendered":"https:\/\/lemiroirdesoi.com\/?page_id=1249"},"modified":"2024-09-01T19:36:18","modified_gmt":"2024-09-01T17:36:18","slug":"a-propos","status":"publish","type":"page","link":"https:\/\/lemiroirdesoi.com\/index.php\/a-propos\/","title":{"rendered":"A propos"},"content":{"rendered":"\n<p class=\"has-text-align-left\">Ma pratique personnelle se situe entre fugacit\u00e9 temporelle et humaine, l&rsquo;inscription de l&rsquo;Homme dans son environnement et cet instant d\u00e9cisif si magnifiquement d\u00e9fini par Henri Cartier-Bresson.<\/p>\n\n\n\n<p class=\"has-text-align-left\">Ma d\u00e9marche photographique se base sur ce court instant o\u00f9 l&rsquo;\u00e9quilibre entre perte et \u00eatre sera fig\u00e9 ; o\u00f9 l&rsquo;incommunicabilit\u00e9 appara\u00eet, o\u00f9 de cette tension tout devient. <\/p>\n\n\n\n<hr class=\"wp-block-separator has-alpha-channel-opacity\"\/>\n\n\n\n<blockquote class=\"wp-block-quote is-layout-flow wp-block-quote-is-layout-flow\">\n<p>Ce qui est important, c&rsquo;est l&rsquo;atmosph\u00e8re, l&rsquo;esprit de l&rsquo;image plus que le style. La photo doit respirer votre \u00eatre.&nbsp;<\/p>\n\n\n\n<p><strong>Gueorgui Pinkhassov<\/strong>&nbsp;<\/p>\n<\/blockquote>\n\n\n\n<hr class=\"wp-block-separator has-alpha-channel-opacity\"\/>\n\n\n\n<p class=\"has-text-align-left\">Espace suspendu, moment de passage, je questionne le r\u00e9alisme et l&rsquo;inscription de notre corps dans un lieu donn\u00e9.<\/p>\n\n\n\n<p class=\"has-text-align-left\">Inspir\u00e9e de la peinture de genre de Vermeer, mon travail se situe dans cette mince fronti\u00e8re entre myst\u00e8re et singularit\u00e9. T\u00e9moin du travail des femmes et hommes de l&rsquo;ombre, ma photographie est le vecteur de leur indicible humanit\u00e9.<\/p>\n\n\n\n<hr class=\"wp-block-separator has-alpha-channel-opacity\"\/>\n\n\n\n<figure class=\"wp-block-table\"><table class=\"has-fixed-layout\"><tbody><tr><td><strong><img loading=\"lazy\" decoding=\"async\" width=\"450\" height=\"450\" class=\"wp-image-1366\" style=\"width: 450px;\" src=\"http:\/\/lemiroirdesoi.com\/wp-content\/uploads\/2024\/09\/NATURE1-1-copie-1.jpg\" alt=\"\" srcset=\"https:\/\/lemiroirdesoi.com\/wp-content\/uploads\/2024\/09\/NATURE1-1-copie-1.jpg 1642w, https:\/\/lemiroirdesoi.com\/wp-content\/uploads\/2024\/09\/NATURE1-1-copie-1-300x300.jpg 300w, https:\/\/lemiroirdesoi.com\/wp-content\/uploads\/2024\/09\/NATURE1-1-copie-1-1024x1024.jpg 1024w, https:\/\/lemiroirdesoi.com\/wp-content\/uploads\/2024\/09\/NATURE1-1-copie-1-150x150.jpg 150w, https:\/\/lemiroirdesoi.com\/wp-content\/uploads\/2024\/09\/NATURE1-1-copie-1-768x768.jpg 768w, https:\/\/lemiroirdesoi.com\/wp-content\/uploads\/2024\/09\/NATURE1-1-copie-1-1536x1536.jpg 1536w, https:\/\/lemiroirdesoi.com\/wp-content\/uploads\/2024\/09\/NATURE1-1-copie-1-640x640.jpg 640w, https:\/\/lemiroirdesoi.com\/wp-content\/uploads\/2024\/09\/NATURE1-1-copie-1-960x960.jpg 960w, https:\/\/lemiroirdesoi.com\/wp-content\/uploads\/2024\/09\/NATURE1-1-copie-1-140x140.jpg 140w, https:\/\/lemiroirdesoi.com\/wp-content\/uploads\/2024\/09\/NATURE1-1-copie-1-50x50.jpg 50w, https:\/\/lemiroirdesoi.com\/wp-content\/uploads\/2024\/09\/NATURE1-1-copie-1-666x666.jpg 666w, https:\/\/lemiroirdesoi.com\/wp-content\/uploads\/2024\/09\/NATURE1-1-copie-1-80x80.jpg 80w\" sizes=\"auto, (max-width: 450px) 100vw, 450px\" \/><\/strong><\/td><td><img loading=\"lazy\" decoding=\"async\" width=\"400\" height=\"400\" class=\"wp-image-1362\" style=\"width: 400px;\" src=\"http:\/\/lemiroirdesoi.com\/wp-content\/uploads\/2024\/09\/FEMMEMENAGE1-2-edited-5.jpg\" alt=\"\" srcset=\"https:\/\/lemiroirdesoi.com\/wp-content\/uploads\/2024\/09\/FEMMEMENAGE1-2-edited-5.jpg 1214w, https:\/\/lemiroirdesoi.com\/wp-content\/uploads\/2024\/09\/FEMMEMENAGE1-2-edited-5-300x300.jpg 300w, https:\/\/lemiroirdesoi.com\/wp-content\/uploads\/2024\/09\/FEMMEMENAGE1-2-edited-5-1024x1024.jpg 1024w, https:\/\/lemiroirdesoi.com\/wp-content\/uploads\/2024\/09\/FEMMEMENAGE1-2-edited-5-150x150.jpg 150w, https:\/\/lemiroirdesoi.com\/wp-content\/uploads\/2024\/09\/FEMMEMENAGE1-2-edited-5-768x769.jpg 768w, https:\/\/lemiroirdesoi.com\/wp-content\/uploads\/2024\/09\/FEMMEMENAGE1-2-edited-5-640x640.jpg 640w, https:\/\/lemiroirdesoi.com\/wp-content\/uploads\/2024\/09\/FEMMEMENAGE1-2-edited-5-960x960.jpg 960w, https:\/\/lemiroirdesoi.com\/wp-content\/uploads\/2024\/09\/FEMMEMENAGE1-2-edited-5-140x140.jpg 140w, https:\/\/lemiroirdesoi.com\/wp-content\/uploads\/2024\/09\/FEMMEMENAGE1-2-edited-5-50x50.jpg 50w, https:\/\/lemiroirdesoi.com\/wp-content\/uploads\/2024\/09\/FEMMEMENAGE1-2-edited-5-666x666.jpg 666w, https:\/\/lemiroirdesoi.com\/wp-content\/uploads\/2024\/09\/FEMMEMENAGE1-2-edited-5-80x80.jpg 80w\" sizes=\"auto, (max-width: 400px) 100vw, 400px\" \/><\/td><td><img loading=\"lazy\" decoding=\"async\" width=\"400\" height=\"400\" class=\"wp-image-1357\" style=\"width: 400px;\" src=\"http:\/\/lemiroirdesoi.com\/wp-content\/uploads\/2024\/09\/FUGASCITE2-1-scaled-1.jpg\" alt=\"\" srcset=\"https:\/\/lemiroirdesoi.com\/wp-content\/uploads\/2024\/09\/FUGASCITE2-1-scaled-1.jpg 1215w, https:\/\/lemiroirdesoi.com\/wp-content\/uploads\/2024\/09\/FUGASCITE2-1-scaled-1-300x300.jpg 300w, https:\/\/lemiroirdesoi.com\/wp-content\/uploads\/2024\/09\/FUGASCITE2-1-scaled-1-1024x1024.jpg 1024w, https:\/\/lemiroirdesoi.com\/wp-content\/uploads\/2024\/09\/FUGASCITE2-1-scaled-1-150x150.jpg 150w, https:\/\/lemiroirdesoi.com\/wp-content\/uploads\/2024\/09\/FUGASCITE2-1-scaled-1-768x768.jpg 768w, https:\/\/lemiroirdesoi.com\/wp-content\/uploads\/2024\/09\/FUGASCITE2-1-scaled-1-640x640.jpg 640w, https:\/\/lemiroirdesoi.com\/wp-content\/uploads\/2024\/09\/FUGASCITE2-1-scaled-1-960x960.jpg 960w, https:\/\/lemiroirdesoi.com\/wp-content\/uploads\/2024\/09\/FUGASCITE2-1-scaled-1-140x140.jpg 140w, https:\/\/lemiroirdesoi.com\/wp-content\/uploads\/2024\/09\/FUGASCITE2-1-scaled-1-50x50.jpg 50w, https:\/\/lemiroirdesoi.com\/wp-content\/uploads\/2024\/09\/FUGASCITE2-1-scaled-1-666x666.jpg 666w, https:\/\/lemiroirdesoi.com\/wp-content\/uploads\/2024\/09\/FUGASCITE2-1-scaled-1-80x80.jpg 80w\" sizes=\"auto, (max-width: 400px) 100vw, 400px\" \/><\/td><td><img loading=\"lazy\" decoding=\"async\" width=\"400\" height=\"400\" class=\"wp-image-1369\" style=\"width: 400px;\" src=\"http:\/\/lemiroirdesoi.com\/wp-content\/uploads\/2024\/09\/MG_5268-scaled-1.jpg\" alt=\"\" srcset=\"https:\/\/lemiroirdesoi.com\/wp-content\/uploads\/2024\/09\/MG_5268-scaled-1.jpg 1707w, https:\/\/lemiroirdesoi.com\/wp-content\/uploads\/2024\/09\/MG_5268-scaled-1-300x300.jpg 300w, https:\/\/lemiroirdesoi.com\/wp-content\/uploads\/2024\/09\/MG_5268-scaled-1-1024x1024.jpg 1024w, https:\/\/lemiroirdesoi.com\/wp-content\/uploads\/2024\/09\/MG_5268-scaled-1-150x150.jpg 150w, https:\/\/lemiroirdesoi.com\/wp-content\/uploads\/2024\/09\/MG_5268-scaled-1-768x768.jpg 768w, https:\/\/lemiroirdesoi.com\/wp-content\/uploads\/2024\/09\/MG_5268-scaled-1-1536x1536.jpg 1536w, https:\/\/lemiroirdesoi.com\/wp-content\/uploads\/2024\/09\/MG_5268-scaled-1-640x640.jpg 640w, https:\/\/lemiroirdesoi.com\/wp-content\/uploads\/2024\/09\/MG_5268-scaled-1-960x960.jpg 960w, https:\/\/lemiroirdesoi.com\/wp-content\/uploads\/2024\/09\/MG_5268-scaled-1-140x140.jpg 140w, https:\/\/lemiroirdesoi.com\/wp-content\/uploads\/2024\/09\/MG_5268-scaled-1-50x50.jpg 50w, https:\/\/lemiroirdesoi.com\/wp-content\/uploads\/2024\/09\/MG_5268-scaled-1-666x666.jpg 666w, https:\/\/lemiroirdesoi.com\/wp-content\/uploads\/2024\/09\/MG_5268-scaled-1-80x80.jpg 80w\" sizes=\"auto, (max-width: 400px) 100vw, 400px\" \/><\/td><\/tr><\/tbody><\/table><figcaption class=\"wp-element-caption\">(Page en cours de construction)<\/figcaption><\/figure>\n","protected":false},"excerpt":{"rendered":"<p>Ma pratique personnelle se situe entre fugacit\u00e9 temporelle et humaine, l&rsquo;inscription de l&rsquo;Homme dans son environnement et cet instant d\u00e9cisif si magnifiquement d\u00e9fini par Henri Cartier-Bresson. Ma d\u00e9marche photographique se<\/p>\n<p class=\"more-link\"><a href=\"https:\/\/lemiroirdesoi.com\/index.php\/a-propos\/\" class=\"readmore\">Continue reading<svg class=\"icon icon-arrow-right\" aria-hidden=\"true\" role=\"img\"> <use href=\"#icon-arrow-right\" xlink:href=\"#icon-arrow-right\"><\/use> <\/svg><span class=\"screen-reader-text\">A propos<\/span><\/a><\/p>\n","protected":false},"author":10,"featured_media":0,"parent":0,"menu_order":0,"comment_status":"closed","ping_status":"closed","template":"","meta":{"_monsterinsights_skip_tracking":false,"_monsterinsights_sitenote_active":false,"_monsterinsights_sitenote_note":"","_monsterinsights_sitenote_category":0,"footnotes":""},"class_list":["post-1249","page","type-page","status-publish","hentry"],"_links":{"self":[{"href":"https:\/\/lemiroirdesoi.com\/index.php\/wp-json\/wp\/v2\/pages\/1249","targetHints":{"allow":["GET"]}}],"collection":[{"href":"https:\/\/lemiroirdesoi.com\/index.php\/wp-json\/wp\/v2\/pages"}],"about":[{"href":"https:\/\/lemiroirdesoi.com\/index.php\/wp-json\/wp\/v2\/types\/page"}],"author":[{"embeddable":true,"href":"https:\/\/lemiroirdesoi.com\/index.php\/wp-json\/wp\/v2\/users\/10"}],"replies":[{"embeddable":true,"href":"https:\/\/lemiroirdesoi.com\/index.php\/wp-json\/wp\/v2\/comments?post=1249"}],"version-history":[{"count":16,"href":"https:\/\/lemiroirdesoi.com\/index.php\/wp-json\/wp\/v2\/pages\/1249\/revisions"}],"predecessor-version":[{"id":1395,"href":"https:\/\/lemiroirdesoi.com\/index.php\/wp-json\/wp\/v2\/pages\/1249\/revisions\/1395"}],"wp:attachment":[{"href":"https:\/\/lemiroirdesoi.com\/index.php\/wp-json\/wp\/v2\/media?parent=1249"}],"curies":[{"name":"wp","href":"https:\/\/api.w.org\/{rel}","templated":true}]}}