{"id":1319,"date":"2024-01-27T11:00:28","date_gmt":"2024-01-27T10:00:28","guid":{"rendered":"https:\/\/lemiroirdesoi.com\/?page_id=1319"},"modified":"2024-09-01T19:56:19","modified_gmt":"2024-09-01T17:56:19","slug":"reservations","status":"publish","type":"page","link":"https:\/\/lemiroirdesoi.com\/index.php\/reservations\/","title":{"rendered":"R\u00e9servations"},"content":{"rendered":"\n<p class=\"has-text-align-center\">Vous retrouverez ici tous mes prochains \u00e9v\u00e9nements et leurs liens d&rsquo;inscription.<\/p>\n\n\n\n<p class=\"has-text-align-center\">A bient\u00f4t. <a href=\"https:\/\/emojis.wiki\/fr\/appareil-photo\/\">\ud83d\udcf7<\/a><\/p>\n\n\n<p><a title=\"Vente de billets en ligne\" href=\"https:\/\/www.billetweb.fr\/multi_event.php?multi=34467&#038;color=E53170\" class=\"shop_frame\" target=\"_blank\" data-src=\"https:\/\/www.billetweb.fr\/multi_event.php?multi=34467&#038;color=E53170\" data-max-width=\"100%\" data-initial-height=\"600\" data-scrolling=\"no\" data-id=\"34467\" data-resize=\"1\" rel=\"noopener\">Vente de billets en ligne<\/a><script type=\"text\/javascript\" src=\"https:\/\/www.billetweb.fr\/js\/export.js\"><\/script><\/p>\n","protected":false},"excerpt":{"rendered":"<p>Vous retrouverez ici tous mes prochains \u00e9v\u00e9nements et leurs liens d&rsquo;inscription. A bient\u00f4t. \ud83d\udcf7<\/p>\n","protected":false},"author":10,"featured_media":0,"parent":0,"menu_order":0,"comment_status":"closed","ping_status":"closed","template":"","meta":{"_monsterinsights_skip_tracking":false,"_monsterinsights_sitenote_active":false,"_monsterinsights_sitenote_note":"","_monsterinsights_sitenote_category":0,"footnotes":""},"class_list":["post-1319","page","type-page","status-publish","hentry"],"_links":{"self":[{"href":"https:\/\/lemiroirdesoi.com\/index.php\/wp-json\/wp\/v2\/pages\/1319","targetHints":{"allow":["GET"]}}],"collection":[{"href":"https:\/\/lemiroirdesoi.com\/index.php\/wp-json\/wp\/v2\/pages"}],"about":[{"href":"https:\/\/lemiroirdesoi.com\/index.php\/wp-json\/wp\/v2\/types\/page"}],"author":[{"embeddable":true,"href":"https:\/\/lemiroirdesoi.com\/index.php\/wp-json\/wp\/v2\/users\/10"}],"replies":[{"embeddable":true,"href":"https:\/\/lemiroirdesoi.com\/index.php\/wp-json\/wp\/v2\/comments?post=1319"}],"version-history":[{"count":10,"href":"https:\/\/lemiroirdesoi.com\/index.php\/wp-json\/wp\/v2\/pages\/1319\/revisions"}],"predecessor-version":[{"id":1420,"href":"https:\/\/lemiroirdesoi.com\/index.php\/wp-json\/wp\/v2\/pages\/1319\/revisions\/1420"}],"wp:attachment":[{"href":"https:\/\/lemiroirdesoi.com\/index.php\/wp-json\/wp\/v2\/media?parent=1319"}],"curies":[{"name":"wp","href":"https:\/\/api.w.org\/{rel}","templated":true}]}}