{"id":934,"date":"2022-06-19T18:49:40","date_gmt":"2022-06-19T16:49:40","guid":{"rendered":"https:\/\/lemiroirdesoi.com\/?page_id=934"},"modified":"2024-09-01T19:34:18","modified_gmt":"2024-09-01T17:34:18","slug":"bienvenue-dans-lunivers","status":"publish","type":"page","link":"https:\/\/lemiroirdesoi.com\/","title":{"rendered":"Accueil"},"content":{"rendered":"<div class=\"wp-block-image is-resized\">\n<figure class=\"aligncenter size-full\"><img loading=\"lazy\" decoding=\"async\" width=\"684\" height=\"221\" src=\"http:\/\/lemiroirdesoi.com\/wp-content\/uploads\/2022\/06\/cropped-Signature-noire-photo.png\" alt=\"\" class=\"wp-image-837\" srcset=\"https:\/\/lemiroirdesoi.com\/wp-content\/uploads\/2022\/06\/cropped-Signature-noire-photo.png 684w, https:\/\/lemiroirdesoi.com\/wp-content\/uploads\/2022\/06\/cropped-Signature-noire-photo-300x97.png 300w\" sizes=\"auto, (max-width: 684px) 100vw, 684px\" \/><\/figure>\n<\/div>\n\n\n<figure class=\"wp-block-image size-full\"><img loading=\"lazy\" decoding=\"async\" width=\"1856\" height=\"2560\" src=\"https:\/\/lemiroirdesoi.com\/wp-content\/uploads\/2024\/09\/Flamboyante-Romane_104-scaled.jpg\" alt=\"\" class=\"wp-image-1335\" srcset=\"https:\/\/lemiroirdesoi.com\/wp-content\/uploads\/2024\/09\/Flamboyante-Romane_104-scaled.jpg 1856w, https:\/\/lemiroirdesoi.com\/wp-content\/uploads\/2024\/09\/Flamboyante-Romane_104-218x300.jpg 218w, https:\/\/lemiroirdesoi.com\/wp-content\/uploads\/2024\/09\/Flamboyante-Romane_104-742x1024.jpg 742w, https:\/\/lemiroirdesoi.com\/wp-content\/uploads\/2024\/09\/Flamboyante-Romane_104-768x1059.jpg 768w, https:\/\/lemiroirdesoi.com\/wp-content\/uploads\/2024\/09\/Flamboyante-Romane_104-1114x1536.jpg 1114w, https:\/\/lemiroirdesoi.com\/wp-content\/uploads\/2024\/09\/Flamboyante-Romane_104-1485x2048.jpg 1485w\" sizes=\"auto, (max-width: 1856px) 100vw, 1856px\" \/><\/figure>\n\n\n\n<h5 class=\"wp-block-heading has-text-align-center\"><strong>Marion Cristinelli,<\/strong> <strong>Photographe professionnelle&#8230; et passionn\u00e9e !<\/strong><\/h5>\n\n\n\n<blockquote class=\"wp-block-quote is-layout-flow wp-block-quote-is-layout-flow\">\n<p class=\"has-text-align-center\"><strong>\u00ab\u00a0La belle image est une g\u00e9om\u00e9trie modul\u00e9e par le&nbsp;c\u0153ur. <\/strong><\/p>\n\n\n\n<p class=\"has-text-align-center\"><strong>Nous ne voyons pas les choses comme elles sont. <\/strong><\/p>\n\n\n\n<p class=\"has-text-align-center\"><strong>Nous les voyons telles que nous sommes\u00a0\u00bb.<\/strong><\/p>\n\n\n\n<p>Willy Ronis<\/p>\n<\/blockquote>\n\n\n\n<hr class=\"wp-block-separator has-alpha-channel-opacity\"\/>\n\n\n\n<div class=\"wp-block-columns is-layout-flex wp-container-core-columns-is-layout-9d6595d7 wp-block-columns-is-layout-flex\">\n<div class=\"wp-block-column is-layout-flow wp-block-column-is-layout-flow\">\n<p class=\"has-text-align-right\">Dipl\u00f4m\u00e9e de l&rsquo;Ecole des Beaux-Arts de Metz, \u00e9l\u00e8ve de <a href=\"https:\/\/fr.wikipedia.org\/wiki\/Jean-Luc_Tartarin\">Jean-Luc TARTARIN <\/a>et de <a href=\"https:\/\/william-ropp.com\/\">William ROPP<\/a>,  je suis attach\u00e9e \u00e0 une photographie proximale, d\u00e9tectrice de v\u00e9rit\u00e9 ; ma\u00eetriser la lumi\u00e8re, immortaliser une relation.<\/p>\n\n\n\n<p class=\"has-text-align-right\">Bas\u00e9e au c\u0153ur des Bauges par amour pour la nature, je suis id\u00e9alement situ\u00e9e pour travailler entre Savoie et Haute-Savoie.<\/p>\n\n\n\n<p class=\"has-text-align-right\">Votre univers construira le n\u00f4tre.<\/p>\n<\/div>\n\n\n\n<div class=\"wp-block-column is-layout-flow wp-block-column-is-layout-flow\">\n<figure class=\"wp-block-image size-large\"><img loading=\"lazy\" decoding=\"async\" width=\"1024\" height=\"575\" src=\"http:\/\/lemiroirdesoi.com\/wp-content\/uploads\/2022\/06\/Le-Miroir-de-Soi-1024x575.jpg\" alt=\"\" class=\"wp-image-864\" srcset=\"https:\/\/lemiroirdesoi.com\/wp-content\/uploads\/2022\/06\/Le-Miroir-de-Soi-1024x575.jpg 1024w, https:\/\/lemiroirdesoi.com\/wp-content\/uploads\/2022\/06\/Le-Miroir-de-Soi-300x169.jpg 300w, https:\/\/lemiroirdesoi.com\/wp-content\/uploads\/2022\/06\/Le-Miroir-de-Soi-768x432.jpg 768w, https:\/\/lemiroirdesoi.com\/wp-content\/uploads\/2022\/06\/Le-Miroir-de-Soi-1536x863.jpg 1536w, https:\/\/lemiroirdesoi.com\/wp-content\/uploads\/2022\/06\/Le-Miroir-de-Soi.jpg 1920w\" sizes=\"auto, (max-width: 1024px) 100vw, 1024px\" \/><\/figure>\n<\/div>\n<\/div>\n\n\n\n<hr class=\"wp-block-separator has-alpha-channel-opacity is-style-dots\"\/>\n\n\n\n<div class=\"wp-block-columns is-layout-flex wp-container-core-columns-is-layout-9d6595d7 wp-block-columns-is-layout-flex\">\n<div class=\"wp-block-column is-layout-flow wp-block-column-is-layout-flow\">\n<div class=\"wp-block-media-text alignwide is-stacked-on-mobile is-vertically-aligned-center\" style=\"grid-template-columns:47% auto\"><figure class=\"wp-block-media-text__media\"><img loading=\"lazy\" decoding=\"async\" width=\"1024\" height=\"1024\" src=\"https:\/\/lemiroirdesoi.com\/wp-content\/uploads\/2024\/09\/Q7A4467-copie-1024x1024.jpg\" alt=\"\" class=\"wp-image-1341 size-full\" srcset=\"https:\/\/lemiroirdesoi.com\/wp-content\/uploads\/2024\/09\/Q7A4467-copie-1024x1024.jpg 1024w, https:\/\/lemiroirdesoi.com\/wp-content\/uploads\/2024\/09\/Q7A4467-copie-300x300.jpg 300w, https:\/\/lemiroirdesoi.com\/wp-content\/uploads\/2024\/09\/Q7A4467-copie-150x150.jpg 150w, https:\/\/lemiroirdesoi.com\/wp-content\/uploads\/2024\/09\/Q7A4467-copie-768x768.jpg 768w, https:\/\/lemiroirdesoi.com\/wp-content\/uploads\/2024\/09\/Q7A4467-copie-1536x1536.jpg 1536w, https:\/\/lemiroirdesoi.com\/wp-content\/uploads\/2024\/09\/Q7A4467-copie-2048x2048.jpg 2048w, https:\/\/lemiroirdesoi.com\/wp-content\/uploads\/2024\/09\/Q7A4467-copie-640x640.jpg 640w, https:\/\/lemiroirdesoi.com\/wp-content\/uploads\/2024\/09\/Q7A4467-copie-960x960.jpg 960w, https:\/\/lemiroirdesoi.com\/wp-content\/uploads\/2024\/09\/Q7A4467-copie-140x140.jpg 140w, https:\/\/lemiroirdesoi.com\/wp-content\/uploads\/2024\/09\/Q7A4467-copie-50x50.jpg 50w, https:\/\/lemiroirdesoi.com\/wp-content\/uploads\/2024\/09\/Q7A4467-copie-666x666.jpg 666w, https:\/\/lemiroirdesoi.com\/wp-content\/uploads\/2024\/09\/Q7A4467-copie-80x80.jpg 80w\" sizes=\"auto, (max-width: 1024px) 100vw, 1024px\" \/><\/figure><div class=\"wp-block-media-text__content\">\n<p><strong>Une photographe qui vous regarde vraiment et avec laquelle vous pouvez \u00e9changer&#8230;<\/strong><\/p>\n\n\n\n<p>&#8230;en prenant le temps de vous \u00e9couter, de vous comprendre et de laisser le naturel jaillir. <\/p>\n\n\n\n<p>Voil\u00e0 mes ingr\u00e9dients essentiels afin d&rsquo;\u00eatre au plus pr\u00e8s de vous et de vous sublimer gr\u00e2ce \u00e0 mes techniques.<\/p>\n\n\n\n<p><\/p>\n\n\n\n<p><a rel=\"noreferrer noopener\" href=\"https:\/\/lemiroirdesoi.com\/index.php\/contact\/\" target=\"_blank\">Mes Prestations Shooting Solo ou Duo<\/a><\/p>\n<\/div><\/div>\n<\/div>\n<\/div>\n\n\n\n<hr class=\"wp-block-separator has-alpha-channel-opacity is-style-dots\"\/>\n\n\n\n<div class=\"wp-block-columns is-layout-flex wp-container-core-columns-is-layout-9d6595d7 wp-block-columns-is-layout-flex\">\n<div class=\"wp-block-column is-layout-flow wp-block-column-is-layout-flow\">\n<p class=\"has-text-align-right\"><strong>Photographe de mariage pour immortaliser vos plus beaux souvenirs<\/strong>&#8230;<\/p>\n\n\n\n<p class=\"has-text-align-right\">&#8230;parce que certains couples pr\u00e9f\u00e9reront \u00eatre guid\u00e9s, d&rsquo;autres laiss\u00e9s au naturel ou encore certains s&rsquo;amuser, je saurai \u00eatre celle qui vous accompagnera singuli\u00e8rement dans ces  souvenirs inoubliables !<\/p>\n\n\n\n<p class=\"has-text-align-right\"><a href=\"http:\/\/lemiroirdesoi.com\/index.php\/contact\/\" data-type=\"URL\" data-id=\"lemiroirdesoi.com\/index.php\/contact\/\">Mes Prestations Mariage<\/a><\/p>\n<\/div>\n\n\n\n<div class=\"wp-block-column is-layout-flow wp-block-column-is-layout-flow\"><div class=\"wp-block-image\">\n<figure class=\"alignright size-large\"><img loading=\"lazy\" decoding=\"async\" width=\"1024\" height=\"683\" src=\"https:\/\/lemiroirdesoi.com\/wp-content\/uploads\/2024\/09\/QQ7A7222-1024x683.jpg\" alt=\"\" class=\"wp-image-1382\" srcset=\"https:\/\/lemiroirdesoi.com\/wp-content\/uploads\/2024\/09\/QQ7A7222-1024x683.jpg 1024w, https:\/\/lemiroirdesoi.com\/wp-content\/uploads\/2024\/09\/QQ7A7222-300x200.jpg 300w, https:\/\/lemiroirdesoi.com\/wp-content\/uploads\/2024\/09\/QQ7A7222-768x512.jpg 768w, https:\/\/lemiroirdesoi.com\/wp-content\/uploads\/2024\/09\/QQ7A7222-1536x1024.jpg 1536w, https:\/\/lemiroirdesoi.com\/wp-content\/uploads\/2024\/09\/QQ7A7222-2048x1365.jpg 2048w\" sizes=\"auto, (max-width: 1024px) 100vw, 1024px\" \/><\/figure>\n<\/div><\/div>\n<\/div>\n\n\n\n<hr class=\"wp-block-separator has-alpha-channel-opacity is-style-dots\"\/>\n\n\n\n<div class=\"wp-block-media-text is-stacked-on-mobile\" style=\"grid-template-columns:48% auto\"><figure class=\"wp-block-media-text__media\"><img loading=\"lazy\" decoding=\"async\" width=\"870\" height=\"1024\" src=\"http:\/\/lemiroirdesoi.com\/wp-content\/uploads\/2022\/06\/cropped-QQ7A7929-scaled-1-870x1024.jpg\" alt=\"\" class=\"wp-image-850 size-full\" srcset=\"https:\/\/lemiroirdesoi.com\/wp-content\/uploads\/2022\/06\/cropped-QQ7A7929-scaled-1-870x1024.jpg 870w, https:\/\/lemiroirdesoi.com\/wp-content\/uploads\/2022\/06\/cropped-QQ7A7929-scaled-1-255x300.jpg 255w, https:\/\/lemiroirdesoi.com\/wp-content\/uploads\/2022\/06\/cropped-QQ7A7929-scaled-1-768x904.jpg 768w, https:\/\/lemiroirdesoi.com\/wp-content\/uploads\/2022\/06\/cropped-QQ7A7929-scaled-1-1305x1536.jpg 1305w, https:\/\/lemiroirdesoi.com\/wp-content\/uploads\/2022\/06\/cropped-QQ7A7929-scaled-1-1740x2048.jpg 1740w, https:\/\/lemiroirdesoi.com\/wp-content\/uploads\/2022\/06\/cropped-QQ7A7929-scaled-1.jpg 1810w\" sizes=\"auto, (max-width: 870px) 100vw, 870px\" \/><\/figure><div class=\"wp-block-media-text__content\">\n<p><strong>Photographe pour r\u00e9v\u00e9ler la beaut\u00e9 de votre famille&#8230;<\/strong><\/p>\n\n\n\n<p>&#8230;et qu&rsquo;elle \u00e9clate en plein jour ! <\/p>\n\n\n\n<p>Premier acteur de notre intimit\u00e9 quotidienne et des bonheurs de la vie, il est impossible de se photographier soi-m\u00eame. Avec authenticit\u00e9 et discr\u00e9tion, je serai celle qui vous accompagnera pour capter tous vos moments de gr\u00e2ce et construire ainsi l&rsquo;histoire de votre tribu !<\/p>\n\n\n\n<p><\/p>\n\n\n\n<p class=\"has-text-align-left\"><a rel=\"noreferrer noopener\" href=\"https:\/\/lemiroirdesoi.com\/index.php\/contact\/\" data-type=\"URL\" data-id=\"https:\/\/lemiroirdesoi.com\/index.php\/contact\/\" target=\"_blank\">Mes Prestations Famille<\/a><\/p>\n<\/div><\/div>\n\n\n\n<hr class=\"wp-block-separator has-alpha-channel-opacity\"\/>\n\n\n\n<hr class=\"wp-block-separator has-alpha-channel-opacity is-style-dots\"\/>\n\n\n\n<div class=\"wp-block-media-text has-media-on-the-right is-stacked-on-mobile\"><div class=\"wp-block-media-text__content\">\n<p class=\"has-text-align-right\"><strong>Photographe pour une communication parfaite&#8230;<\/strong><\/p>\n\n\n\n<p class=\"has-text-align-right\">&#8230;choisir le bon point de vue, l&rsquo;angle d&rsquo;attaque afin de parler au mieux de votre activit\u00e9, telle est ma mission. <\/p>\n\n\n\n<p class=\"has-text-align-right\">Passant par une phase d&rsquo;immersion dans votre entreprise, je saurai \u00eatre celle qui fera rayonner vos salari\u00e9s, produits et outil de travail.<\/p>\n\n\n\n<p class=\"has-text-align-right\"><\/p>\n\n\n\n<p class=\"has-text-align-right\"><a href=\"https:\/\/lemiroirdesoi.com\/index.php\/contact\/\" data-type=\"URL\" data-id=\"https:\/\/lemiroirdesoi.com\/index.php\/contact\/\" target=\"_blank\" rel=\"noreferrer noopener\">Mes Prestations Entreprises<\/a><\/p>\n<\/div><figure class=\"wp-block-media-text__media\"><img loading=\"lazy\" decoding=\"async\" width=\"683\" height=\"1024\" src=\"http:\/\/lemiroirdesoi.com\/wp-content\/uploads\/2022\/06\/Q7A6265-683x1024.jpg\" alt=\"\" class=\"wp-image-1078 size-full\" srcset=\"https:\/\/lemiroirdesoi.com\/wp-content\/uploads\/2022\/06\/Q7A6265-683x1024.jpg 683w, https:\/\/lemiroirdesoi.com\/wp-content\/uploads\/2022\/06\/Q7A6265-200x300.jpg 200w, https:\/\/lemiroirdesoi.com\/wp-content\/uploads\/2022\/06\/Q7A6265-768x1152.jpg 768w, https:\/\/lemiroirdesoi.com\/wp-content\/uploads\/2022\/06\/Q7A6265-1024x1536.jpg 1024w, https:\/\/lemiroirdesoi.com\/wp-content\/uploads\/2022\/06\/Q7A6265-1365x2048.jpg 1365w, https:\/\/lemiroirdesoi.com\/wp-content\/uploads\/2022\/06\/Q7A6265-scaled.jpg 1707w\" sizes=\"auto, (max-width: 683px) 100vw, 683px\" \/><\/figure><\/div>\n\n\n\n<div class=\"wp-block-columns is-layout-flex wp-container-core-columns-is-layout-9d6595d7 wp-block-columns-is-layout-flex\">\n<div class=\"wp-block-column is-layout-flow wp-block-column-is-layout-flow\">\n<p class=\"has-text-align-center has-large-font-size\">Le Miroir de Soi<\/p>\n\n\n\n<h5 class=\"wp-block-heading has-text-align-center\">Marion CRISTINELLI &#8211; 06.12.45.73.71 &#8211; <a href=\"mailto:marioncristinelli@gmail.com\" target=\"_blank\" rel=\"noreferrer noopener\">marioncristinelli@gmail.com<\/a><\/h5>\n\n\n\n<p class=\"has-text-align-center\">588 chemin de Planchamps &#8211; 73340 LA MOTTE EN BAUGES<\/p>\n\n\n\n<p class=\"has-text-align-center\">Siret : 831 082 862 00010 &#8211; \u00a9 Tous droits r\u00e9serv\u00e9s<\/p>\n<\/div>\n<\/div>\n\n\n\n<div class=\"wp-block-media-text is-stacked-on-mobile\" style=\"grid-template-columns:65% auto\"><figure class=\"wp-block-media-text__media\"><img loading=\"lazy\" decoding=\"async\" width=\"1024\" height=\"680\" src=\"http:\/\/lemiroirdesoi.com\/wp-content\/uploads\/2023\/02\/ballerines-1024x680.jpg\" alt=\"\" class=\"wp-image-1165 size-full\" srcset=\"https:\/\/lemiroirdesoi.com\/wp-content\/uploads\/2023\/02\/ballerines-1024x680.jpg 1024w, https:\/\/lemiroirdesoi.com\/wp-content\/uploads\/2023\/02\/ballerines-300x199.jpg 300w, https:\/\/lemiroirdesoi.com\/wp-content\/uploads\/2023\/02\/ballerines-768x510.jpg 768w, https:\/\/lemiroirdesoi.com\/wp-content\/uploads\/2023\/02\/ballerines-1536x1020.jpg 1536w, https:\/\/lemiroirdesoi.com\/wp-content\/uploads\/2023\/02\/ballerines.jpg 1920w\" sizes=\"auto, (max-width: 1024px) 100vw, 1024px\" \/><\/figure><div class=\"wp-block-media-text__content\">\n<div class=\"wp-block-group\"><div class=\"wp-block-group__inner-container is-layout-constrained wp-block-group-is-layout-constrained\">\n<div class=\"wp-block-columns is-layout-flex wp-container-core-columns-is-layout-9d6595d7 wp-block-columns-is-layout-flex\">\n<div class=\"wp-block-column is-layout-flow wp-block-column-is-layout-flow\" style=\"flex-basis:100%\">\n<figure class=\"wp-block-gallery has-nested-images columns-default is-cropped wp-block-gallery-1 is-layout-flex wp-block-gallery-is-layout-flex\">\n<figure class=\"wp-block-image size-large\"><a href=\"https:\/\/www.instagram.com\/lemiroirdesoiphotographe\/\"><img loading=\"lazy\" decoding=\"async\" width=\"1024\" height=\"1024\" data-id=\"905\" src=\"http:\/\/lemiroirdesoi.com\/wp-content\/uploads\/2022\/06\/insta-1024x1024.png\" alt=\"\" class=\"wp-image-905\" srcset=\"https:\/\/lemiroirdesoi.com\/wp-content\/uploads\/2022\/06\/insta.png 1024w, https:\/\/lemiroirdesoi.com\/wp-content\/uploads\/2022\/06\/insta-300x300.png 300w, https:\/\/lemiroirdesoi.com\/wp-content\/uploads\/2022\/06\/insta-150x150.png 150w, https:\/\/lemiroirdesoi.com\/wp-content\/uploads\/2022\/06\/insta-768x768.png 768w, https:\/\/lemiroirdesoi.com\/wp-content\/uploads\/2022\/06\/insta-640x640.png 640w, https:\/\/lemiroirdesoi.com\/wp-content\/uploads\/2022\/06\/insta-960x960.png 960w, https:\/\/lemiroirdesoi.com\/wp-content\/uploads\/2022\/06\/insta-140x140.png 140w, https:\/\/lemiroirdesoi.com\/wp-content\/uploads\/2022\/06\/insta-50x50.png 50w, https:\/\/lemiroirdesoi.com\/wp-content\/uploads\/2022\/06\/insta-666x666.png 666w, https:\/\/lemiroirdesoi.com\/wp-content\/uploads\/2022\/06\/insta-80x80.png 80w\" sizes=\"auto, (max-width: 1024px) 100vw, 1024px\" \/><\/a><figcaption class=\"wp-element-caption\">#lemiroirdesoiphotographe<\/figcaption><\/figure>\n\n\n\n<figure class=\"wp-block-image size-large\"><a href=\"https:\/\/www.facebook.com\/lemiroirdesoiphoto\/\"><img loading=\"lazy\" decoding=\"async\" width=\"512\" height=\"512\" data-id=\"909\" src=\"https:\/\/lemiroirdesoi.com\/wp-content\/uploads\/2022\/06\/Facebook-4.png\" alt=\"\" class=\"wp-image-909\" srcset=\"https:\/\/lemiroirdesoi.com\/wp-content\/uploads\/2022\/06\/Facebook-4.png 512w, https:\/\/lemiroirdesoi.com\/wp-content\/uploads\/2022\/06\/Facebook-4-300x300.png 300w, https:\/\/lemiroirdesoi.com\/wp-content\/uploads\/2022\/06\/Facebook-4-150x150.png 150w, https:\/\/lemiroirdesoi.com\/wp-content\/uploads\/2022\/06\/Facebook-4-140x140.png 140w, https:\/\/lemiroirdesoi.com\/wp-content\/uploads\/2022\/06\/Facebook-4-50x50.png 50w, https:\/\/lemiroirdesoi.com\/wp-content\/uploads\/2022\/06\/Facebook-4-80x80.png 80w\" sizes=\"auto, (max-width: 512px) 100vw, 512px\" \/><\/a><figcaption class=\"wp-element-caption\">@lemiroirdesoi<\/figcaption><\/figure>\n<\/figure>\n<\/div>\n<\/div>\n<\/div><\/div>\n<\/div><\/div>\n\n\n\n<p><\/p>\n","protected":false},"excerpt":{"rendered":"<p>Marion Cristinelli, Photographe professionnelle&#8230; et passionn\u00e9e ! \u00ab\u00a0La belle image est une g\u00e9om\u00e9trie modul\u00e9e par le&nbsp;c\u0153ur. Nous ne voyons pas les choses comme elles sont. Nous les voyons telles que<\/p>\n<p class=\"more-link\"><a href=\"https:\/\/lemiroirdesoi.com\/\" class=\"readmore\">Continue reading<svg class=\"icon icon-arrow-right\" aria-hidden=\"true\" role=\"img\"> <use href=\"#icon-arrow-right\" xlink:href=\"#icon-arrow-right\"><\/use> <\/svg><span class=\"screen-reader-text\">Accueil<\/span><\/a><\/p>\n","protected":false},"author":10,"featured_media":0,"parent":0,"menu_order":0,"comment_status":"closed","ping_status":"closed","template":"","meta":{"_monsterinsights_skip_tracking":false,"_monsterinsights_sitenote_active":false,"_monsterinsights_sitenote_note":"","_monsterinsights_sitenote_category":0,"footnotes":""},"class_list":["post-934","page","type-page","status-publish","hentry"],"_links":{"self":[{"href":"https:\/\/lemiroirdesoi.com\/index.php\/wp-json\/wp\/v2\/pages\/934","targetHints":{"allow":["GET"]}}],"collection":[{"href":"https:\/\/lemiroirdesoi.com\/index.php\/wp-json\/wp\/v2\/pages"}],"about":[{"href":"https:\/\/lemiroirdesoi.com\/index.php\/wp-json\/wp\/v2\/types\/page"}],"author":[{"embeddable":true,"href":"https:\/\/lemiroirdesoi.com\/index.php\/wp-json\/wp\/v2\/users\/10"}],"replies":[{"embeddable":true,"href":"https:\/\/lemiroirdesoi.com\/index.php\/wp-json\/wp\/v2\/comments?post=934"}],"version-history":[{"count":74,"href":"https:\/\/lemiroirdesoi.com\/index.php\/wp-json\/wp\/v2\/pages\/934\/revisions"}],"predecessor-version":[{"id":1392,"href":"https:\/\/lemiroirdesoi.com\/index.php\/wp-json\/wp\/v2\/pages\/934\/revisions\/1392"}],"wp:attachment":[{"href":"https:\/\/lemiroirdesoi.com\/index.php\/wp-json\/wp\/v2\/media?parent=934"}],"curies":[{"name":"wp","href":"https:\/\/api.w.org\/{rel}","templated":true}]}}